{"id":853,"date":"2017-08-24T02:18:08","date_gmt":"2017-08-24T05:18:08","guid":{"rendered":"https:\/\/midiamix.com\/site\/?page_id=853"},"modified":"2022-08-24T10:40:25","modified_gmt":"2022-08-24T13:40:25","slug":"a_midiamix","status":"publish","type":"page","link":"https:\/\/midiamix.com\/site\/a_midiamix\/","title":{"rendered":"A MIDIAMIX.COM"},"content":{"rendered":"<p>[vc_row bg_overlay_mode=&#8221;color&#8221; bg_overlay_color=&#8221;rgba(252,252,252,0.95)&#8221; css=&#8221;.vc_custom_1571416907103{background-position: center !important;background-repeat: no-repeat !important;background-size: cover !important;}&#8221;][vc_column width=&#8221;1\/3&#8243; offset=&#8221;vc_col-md-offset-1&#8243;][vc_column_text el_class=&#8221;&#8221;]<\/p>\n<h2 class=\"gsf-accent-text fs-60 mg-top-0 mg-bottom-0\" style=\"line-height: 1;\">27<\/h2>\n<h5 class=\"gsf-accent-text fs-16 fw-normal mg-top-0 mg-bottom-0\">Anos de experi\u00eancia de mercado<\/h5>\n<h4 class=\"primary-font fs-40\" style=\"line-height: 1.125; margin-top: 13px; letter-spacing: 0.02em;\">Uma empresa especializada <span class=\"fw-light\">em promover o seu sucesso<\/span><\/h4>\n<p>[\/vc_column_text][\/vc_column][vc_column width=&#8221;7\/12&#8243; offset=&#8221;vc_col-md-6&#8243;][vc_column_text el_class=&#8221;&#8221; css=&#8221;.vc_custom_1661348147080{margin-bottom: 45px !important;}&#8221;]<\/p>\n<hr \/>\n<p><strong>A MIDIAMIX.COM nasceu chamando a aten\u00e7\u00e3o e cresceu seguindo uma das trajet\u00f3rias mais atraentes no mercado.<\/strong><br \/>\n<strong>Se existe um ve\u00edculo de comunica\u00e7\u00e3o que acompanhou passo a passo o crescimento da Grande Florian\u00f3polis, esse ve\u00edculo se chama MIDIAMIX.COM.<\/strong><img loading=\"lazy\" class=\"alignright wp-image-2710\" src=\"https:\/\/midiamix.com\/site\/wp-content\/uploads\/2017\/09\/unimed-1-2-300x300.png\" alt=\"\" width=\"249\" height=\"249\" srcset=\"https:\/\/midiamix.com\/site\/wp-content\/uploads\/2017\/09\/unimed-1-2-300x300.png 300w, https:\/\/midiamix.com\/site\/wp-content\/uploads\/2017\/09\/unimed-1-2-150x150.png 150w, https:\/\/midiamix.com\/site\/wp-content\/uploads\/2017\/09\/unimed-1-2-768x768.png 768w, https:\/\/midiamix.com\/site\/wp-content\/uploads\/2017\/09\/unimed-1-2-1024x1024.png 1024w, https:\/\/midiamix.com\/site\/wp-content\/uploads\/2017\/09\/unimed-1-2.png 1050w\" sizes=\"(max-width: 249px) 100vw, 249px\" \/><\/p>\n<p style=\"text-align: left;\"><strong>Nosso pioneirismo em Santa Catarina teve in\u00edcio com o Painel Eletr\u00f4nico Full Color, que brilhou durante mais de cinco anos em frente ao mais movimentado centro de compras do estado, o Beiramar Shopping.<\/strong><\/p>\n<p><strong>A partir desse grande sucesso, a MIDIAMIX.COM est\u00e1 cada vez mais adequada ao dinamismo do mercado e, consequentemente, ao aumento constante do fluxo de p\u00fablico, que hoje \u00e9 acrescido de milhares de novos consumidores.<\/strong><\/p>\n<p><strong>E tem sido assim h\u00e1 vinte e sete anos, para onde o movimento aponta, a MIDIAMIX.COM desponta. Parceira eficiente dos anunciantes e ag\u00eancias, somos verdadeiramente refer\u00eancia no segmento de m\u00eddia front light.<\/strong><\/p>\n<p><img loading=\"lazy\" class=\"aligncenter wp-image-2715 \" src=\"https:\/\/midiamix.com\/site\/wp-content\/uploads\/2021\/01\/BR-2-VOLVO-DICAVE-close-comercial-diurna-em-30-09-2011-300x225.jpg\" alt=\"\" width=\"514\" height=\"387\" srcset=\"https:\/\/midiamix.com\/site\/wp-content\/uploads\/2021\/01\/BR-2-VOLVO-DICAVE-close-comercial-diurna-em-30-09-2011-300x225.jpg 300w, https:\/\/midiamix.com\/site\/wp-content\/uploads\/2021\/01\/BR-2-VOLVO-DICAVE-close-comercial-diurna-em-30-09-2011-768x576.jpg 768w, https:\/\/midiamix.com\/site\/wp-content\/uploads\/2021\/01\/BR-2-VOLVO-DICAVE-close-comercial-diurna-em-30-09-2011.jpg 800w\" sizes=\"(max-width: 514px) 100vw, 514px\" \/><\/p>\n<p><strong>Afinal, s\u00e3o 138 qualificadas faces nos mais diversos circuitos. Diga-se de passagem, um mais atraente que o outro.<\/strong><\/p>\n<p><strong><img loading=\"lazy\" class=\"aligncenter wp-image-2714\" src=\"https:\/\/midiamix.com\/site\/wp-content\/uploads\/2021\/01\/Circuit-Via-Expressa-comercial-25052011-700-300x155.jpg\" alt=\"\" width=\"533\" height=\"276\" srcset=\"https:\/\/midiamix.com\/site\/wp-content\/uploads\/2021\/01\/Circuit-Via-Expressa-comercial-25052011-700-300x155.jpg 300w, https:\/\/midiamix.com\/site\/wp-content\/uploads\/2021\/01\/Circuit-Via-Expressa-comercial-25052011-700.jpg 700w\" sizes=\"(max-width: 533px) 100vw, 533px\" \/><\/strong><\/p>\n<p><strong>MIDIAMIX.COM &#8211; Para quem tem fixa\u00e7\u00e3o por resultados!<\/strong>[\/vc_column_text][\/vc_column][vc_column][\/vc_column][\/vc_row]<\/p>\n","protected":false},"excerpt":{"rendered":"<p>[vc_row bg_overlay_mode=&#8221;color&#8221; bg_overlay_color=&#8221;rgba(252,252,252,0.95)&#8221; css=&#8221;.vc_custom_1571416907103{background-position: center !important;background-repeat: no-repeat !important;background-size: cover !important;}&#8221;][vc_column width=&#8221;1\/3&#8243; offset=&#8221;vc_col-md-offset-1&#8243;][vc_column_text el_class=&#8221;&#8221;] 27 Anos de experi\u00eancia de mercado Uma empresa especializada em promover o seu sucesso [\/vc_column_text][\/vc_column][vc_column width=&#8221;7\/12&#8243; offset=&#8221;vc_col-md-6&#8243;][vc_column_text el_class=&#8221;&#8221; css=&#8221;.vc_custom_1661348147080{margin-bottom: 45px !important;}&#8221;] A MIDIAMIX.COM nasceu chamando a aten\u00e7\u00e3o e cresceu seguindo uma das trajet\u00f3rias mais atraentes no mercado. Se existe um ve\u00edculo de [&hellip;]<\/p>\n","protected":false},"author":1,"featured_media":0,"parent":0,"menu_order":2,"comment_status":"closed","ping_status":"closed","template":"","meta":[],"yoast_head":"<!-- This site is optimized with the Yoast SEO plugin v19.3 - https:\/\/yoast.com\/wordpress\/plugins\/seo\/ -->\n<title>A MIDIAMIX.COM - MIDIAMIX.COM<\/title>\n<meta name=\"robots\" content=\"index, follow, max-snippet:-1, max-image-preview:large, max-video-preview:-1\" \/>\n<link rel=\"canonical\" href=\"https:\/\/midiamix.com\/site\/a_midiamix\/\" \/>\n<meta property=\"og:locale\" content=\"pt_BR\" \/>\n<meta property=\"og:type\" content=\"article\" \/>\n<meta property=\"og:title\" content=\"A MIDIAMIX.COM - MIDIAMIX.COM\" \/>\n<meta property=\"og:description\" content=\"[vc_row bg_overlay_mode=&#8221;color&#8221; bg_overlay_color=&#8221;rgba(252,252,252,0.95)&#8221; css=&#8221;.vc_custom_1571416907103{background-position: center !important;background-repeat: no-repeat !important;background-size: cover !important;}&#8221;][vc_column width=&#8221;1\/3&#8243; offset=&#8221;vc_col-md-offset-1&#8243;][vc_column_text el_class=&#8221;&#8221;] 27 Anos de experi\u00eancia de mercado Uma empresa especializada em promover o seu sucesso [\/vc_column_text][\/vc_column][vc_column width=&#8221;7\/12&#8243; offset=&#8221;vc_col-md-6&#8243;][vc_column_text el_class=&#8221;&#8221; css=&#8221;.vc_custom_1661348147080{margin-bottom: 45px !important;}&#8221;] A MIDIAMIX.COM nasceu chamando a aten\u00e7\u00e3o e cresceu seguindo uma das trajet\u00f3rias mais atraentes no mercado. Se existe um ve\u00edculo de [&hellip;]\" \/>\n<meta property=\"og:url\" content=\"https:\/\/midiamix.com\/site\/a_midiamix\/\" \/>\n<meta property=\"og:site_name\" content=\"MIDIAMIX.COM\" \/>\n<meta property=\"article:publisher\" content=\"https:\/\/www.facebook.com\/MIDIAMIXPAINEIS\/\" \/>\n<meta property=\"article:modified_time\" content=\"2022-08-24T13:40:25+00:00\" \/>\n<meta property=\"og:image\" content=\"https:\/\/midiamix.com\/site\/wp-content\/uploads\/2017\/09\/unimed-1-2-300x300.png\" \/>\n<meta name=\"twitter:card\" content=\"summary_large_image\" \/>\n<meta name=\"twitter:label1\" content=\"Est. tempo de leitura\" \/>\n\t<meta name=\"twitter:data1\" content=\"2 minutos\" \/>\n<script type=\"application\/ld+json\" class=\"yoast-schema-graph\">{\"@context\":\"https:\/\/schema.org\",\"@graph\":[{\"@type\":\"WebSite\",\"@id\":\"https:\/\/midiamix.com\/site\/#website\",\"url\":\"https:\/\/midiamix.com\/site\/\",\"name\":\"MIDIAMIX.COM\",\"description\":\"MIDIAMIX.COM \u00e9 uma empresa especializada em m\u00eddia exterior.\",\"potentialAction\":[{\"@type\":\"SearchAction\",\"target\":{\"@type\":\"EntryPoint\",\"urlTemplate\":\"https:\/\/midiamix.com\/site\/?s={search_term_string}\"},\"query-input\":\"required name=search_term_string\"}],\"inLanguage\":\"pt-BR\"},{\"@type\":\"ImageObject\",\"inLanguage\":\"pt-BR\",\"@id\":\"https:\/\/midiamix.com\/site\/a_midiamix\/#primaryimage\",\"url\":\"https:\/\/midiamix.com\/site\/wp-content\/uploads\/2017\/09\/unimed-1-2.png\",\"contentUrl\":\"https:\/\/midiamix.com\/site\/wp-content\/uploads\/2017\/09\/unimed-1-2.png\",\"width\":1050,\"height\":1050},{\"@type\":\"WebPage\",\"@id\":\"https:\/\/midiamix.com\/site\/a_midiamix\/\",\"url\":\"https:\/\/midiamix.com\/site\/a_midiamix\/\",\"name\":\"A MIDIAMIX.COM - MIDIAMIX.COM\",\"isPartOf\":{\"@id\":\"https:\/\/midiamix.com\/site\/#website\"},\"primaryImageOfPage\":{\"@id\":\"https:\/\/midiamix.com\/site\/a_midiamix\/#primaryimage\"},\"datePublished\":\"2017-08-24T05:18:08+00:00\",\"dateModified\":\"2022-08-24T13:40:25+00:00\",\"breadcrumb\":{\"@id\":\"https:\/\/midiamix.com\/site\/a_midiamix\/#breadcrumb\"},\"inLanguage\":\"pt-BR\",\"potentialAction\":[{\"@type\":\"ReadAction\",\"target\":[\"https:\/\/midiamix.com\/site\/a_midiamix\/\"]}]},{\"@type\":\"BreadcrumbList\",\"@id\":\"https:\/\/midiamix.com\/site\/a_midiamix\/#breadcrumb\",\"itemListElement\":[{\"@type\":\"ListItem\",\"position\":1,\"name\":\"In\u00edcio\",\"item\":\"https:\/\/midiamix.com\/site\/\"},{\"@type\":\"ListItem\",\"position\":2,\"name\":\"A MIDIAMIX.COM\"}]}]}<\/script>\n<!-- \/ Yoast SEO plugin. -->","yoast_head_json":{"title":"A MIDIAMIX.COM - MIDIAMIX.COM","robots":{"index":"index","follow":"follow","max-snippet":"max-snippet:-1","max-image-preview":"max-image-preview:large","max-video-preview":"max-video-preview:-1"},"canonical":"https:\/\/midiamix.com\/site\/a_midiamix\/","og_locale":"pt_BR","og_type":"article","og_title":"A MIDIAMIX.COM - MIDIAMIX.COM","og_description":"[vc_row bg_overlay_mode=&#8221;color&#8221; bg_overlay_color=&#8221;rgba(252,252,252,0.95)&#8221; css=&#8221;.vc_custom_1571416907103{background-position: center !important;background-repeat: no-repeat !important;background-size: cover !important;}&#8221;][vc_column width=&#8221;1\/3&#8243; offset=&#8221;vc_col-md-offset-1&#8243;][vc_column_text el_class=&#8221;&#8221;] 27 Anos de experi\u00eancia de mercado Uma empresa especializada em promover o seu sucesso [\/vc_column_text][\/vc_column][vc_column width=&#8221;7\/12&#8243; offset=&#8221;vc_col-md-6&#8243;][vc_column_text el_class=&#8221;&#8221; css=&#8221;.vc_custom_1661348147080{margin-bottom: 45px !important;}&#8221;] A MIDIAMIX.COM nasceu chamando a aten\u00e7\u00e3o e cresceu seguindo uma das trajet\u00f3rias mais atraentes no mercado. Se existe um ve\u00edculo de [&hellip;]","og_url":"https:\/\/midiamix.com\/site\/a_midiamix\/","og_site_name":"MIDIAMIX.COM","article_publisher":"https:\/\/www.facebook.com\/MIDIAMIXPAINEIS\/","article_modified_time":"2022-08-24T13:40:25+00:00","og_image":[{"url":"https:\/\/midiamix.com\/site\/wp-content\/uploads\/2017\/09\/unimed-1-2-300x300.png"}],"twitter_card":"summary_large_image","twitter_misc":{"Est. tempo de leitura":"2 minutos"},"schema":{"@context":"https:\/\/schema.org","@graph":[{"@type":"WebSite","@id":"https:\/\/midiamix.com\/site\/#website","url":"https:\/\/midiamix.com\/site\/","name":"MIDIAMIX.COM","description":"MIDIAMIX.COM \u00e9 uma empresa especializada em m\u00eddia exterior.","potentialAction":[{"@type":"SearchAction","target":{"@type":"EntryPoint","urlTemplate":"https:\/\/midiamix.com\/site\/?s={search_term_string}"},"query-input":"required name=search_term_string"}],"inLanguage":"pt-BR"},{"@type":"ImageObject","inLanguage":"pt-BR","@id":"https:\/\/midiamix.com\/site\/a_midiamix\/#primaryimage","url":"https:\/\/midiamix.com\/site\/wp-content\/uploads\/2017\/09\/unimed-1-2.png","contentUrl":"https:\/\/midiamix.com\/site\/wp-content\/uploads\/2017\/09\/unimed-1-2.png","width":1050,"height":1050},{"@type":"WebPage","@id":"https:\/\/midiamix.com\/site\/a_midiamix\/","url":"https:\/\/midiamix.com\/site\/a_midiamix\/","name":"A MIDIAMIX.COM - MIDIAMIX.COM","isPartOf":{"@id":"https:\/\/midiamix.com\/site\/#website"},"primaryImageOfPage":{"@id":"https:\/\/midiamix.com\/site\/a_midiamix\/#primaryimage"},"datePublished":"2017-08-24T05:18:08+00:00","dateModified":"2022-08-24T13:40:25+00:00","breadcrumb":{"@id":"https:\/\/midiamix.com\/site\/a_midiamix\/#breadcrumb"},"inLanguage":"pt-BR","potentialAction":[{"@type":"ReadAction","target":["https:\/\/midiamix.com\/site\/a_midiamix\/"]}]},{"@type":"BreadcrumbList","@id":"https:\/\/midiamix.com\/site\/a_midiamix\/#breadcrumb","itemListElement":[{"@type":"ListItem","position":1,"name":"In\u00edcio","item":"https:\/\/midiamix.com\/site\/"},{"@type":"ListItem","position":2,"name":"A MIDIAMIX.COM"}]}]}},"_links":{"self":[{"href":"https:\/\/midiamix.com\/site\/wp-json\/wp\/v2\/pages\/853"}],"collection":[{"href":"https:\/\/midiamix.com\/site\/wp-json\/wp\/v2\/pages"}],"about":[{"href":"https:\/\/midiamix.com\/site\/wp-json\/wp\/v2\/types\/page"}],"author":[{"embeddable":true,"href":"https:\/\/midiamix.com\/site\/wp-json\/wp\/v2\/users\/1"}],"replies":[{"embeddable":true,"href":"https:\/\/midiamix.com\/site\/wp-json\/wp\/v2\/comments?post=853"}],"version-history":[{"count":43,"href":"https:\/\/midiamix.com\/site\/wp-json\/wp\/v2\/pages\/853\/revisions"}],"predecessor-version":[{"id":2789,"href":"https:\/\/midiamix.com\/site\/wp-json\/wp\/v2\/pages\/853\/revisions\/2789"}],"wp:attachment":[{"href":"https:\/\/midiamix.com\/site\/wp-json\/wp\/v2\/media?parent=853"}],"curies":[{"name":"wp","href":"https:\/\/api.w.org\/{rel}","templated":true}]}}