{"id":2636,"date":"2020-06-21T21:25:46","date_gmt":"2020-06-22T00:25:46","guid":{"rendered":"https:\/\/midiamix.com\/site\/?page_id=2636"},"modified":"2022-08-26T14:59:08","modified_gmt":"2022-08-26T17:59:08","slug":"anuncie","status":"publish","type":"page","link":"https:\/\/midiamix.com\/site\/anuncie\/","title":{"rendered":"Anuncie"},"content":{"rendered":"<p>[vc_row][vc_column][\/vc_column][vc_column width=&#8221;5\/12&#8243; offset=&#8221;vc_col-md-3&#8243;][vc_column_text]<\/p>\n<h4 class=\"fs-22 mg-top-0 mg-bottom-10\">Informa\u00e7\u00f5es para contato<\/h4>\n<p class=\"text-italic mg-bottom-0\">Para fazer contato com a MIDIAMIX.COM, voc\u00ea pode utilizar um dos meios abaixo.<\/p>\n<p>[\/vc_column_text][vc_widget_sidebar sidebar_id=&#8221;infocontactus&#8221;][\/vc_column][vc_column width=&#8221;7\/12&#8243; offset=&#8221;vc_col-md-9&#8243;][vc_column_text]<\/p>\n<h4 class=\"fs-24 mg-top-0 mg-bottom-10 uppercase\">ENVIE SUA MENSAGEM<\/h4>\n<p>[\/vc_column_text]<div role=\"form\" class=\"wpcf7\" id=\"wpcf7-f2635-o1\" lang=\"pt-BR\" dir=\"ltr\">\n<div class=\"screen-reader-response\"><p role=\"status\" aria-live=\"polite\" aria-atomic=\"true\"><\/p> <ul><\/ul><\/div>\n<form action=\"\/site\/wp-json\/wp\/v2\/pages\/2636#wpcf7-f2635-o1\" method=\"post\" class=\"wpcf7-form init\" novalidate=\"novalidate\" data-status=\"init\">\n<div style=\"display: none;\">\n<input type=\"hidden\" name=\"_wpcf7\" value=\"2635\" \/>\n<input type=\"hidden\" name=\"_wpcf7_version\" value=\"5.6\" \/>\n<input type=\"hidden\" name=\"_wpcf7_locale\" value=\"pt_BR\" \/>\n<input type=\"hidden\" name=\"_wpcf7_unit_tag\" value=\"wpcf7-f2635-o1\" \/>\n<input type=\"hidden\" name=\"_wpcf7_container_post\" value=\"0\" \/>\n<input type=\"hidden\" name=\"_wpcf7_posted_data_hash\" value=\"\" \/>\n<\/div>\n<p><label> Anunciante (obrigat\u00f3rio)<br \/>\n    <span class=\"wpcf7-form-control-wrap\" data-name=\"anunciante\"><input type=\"text\" name=\"anunciante\" value=\"\" size=\"40\" class=\"wpcf7-form-control wpcf7-text wpcf7-validates-as-required\" aria-required=\"true\" aria-invalid=\"false\" \/><\/span> <\/label><\/p>\n<p><label> Produto<br \/>\n    <span class=\"wpcf7-form-control-wrap\" data-name=\"produto\"><input type=\"text\" name=\"produto\" value=\"\" size=\"40\" class=\"wpcf7-form-control wpcf7-text wpcf7-validates-as-required\" aria-required=\"true\" aria-invalid=\"false\" \/><\/span> <\/label><\/p>\n<p><label> Seu Site<br \/>\n    <span class=\"wpcf7-form-control-wrap\" data-name=\"seu-site\"><input type=\"text\" name=\"seu-site\" value=\"\" size=\"40\" class=\"wpcf7-form-control wpcf7-text\" aria-invalid=\"false\" \/><\/span> <\/label><\/p>\n<p><label> Seu Nome<br \/>\n    <span class=\"wpcf7-form-control-wrap\" data-name=\"seu-nome\"><input type=\"text\" name=\"seu-nome\" value=\"\" size=\"40\" class=\"wpcf7-form-control wpcf7-text wpcf7-validates-as-required\" aria-required=\"true\" aria-invalid=\"false\" \/><\/span> <\/label><\/p>\n<p><label> Email (obrigat\u00f3rio)<br \/>\n    <span class=\"wpcf7-form-control-wrap\" data-name=\"email\"><input type=\"email\" name=\"email\" value=\"\" size=\"40\" class=\"wpcf7-form-control wpcf7-text wpcf7-email wpcf7-validates-as-required wpcf7-validates-as-email\" aria-required=\"true\" aria-invalid=\"false\" \/><\/span> <\/label><\/p>\n<p><label> Telefone<br \/>\n    <span class=\"wpcf7-form-control-wrap\" data-name=\"telefone\"><input type=\"text\" name=\"telefone\" value=\"\" size=\"40\" class=\"wpcf7-form-control wpcf7-text\" aria-invalid=\"false\" \/><\/span> <\/label><\/p>\n<p><label> Data de in\u00edcio da campanha<br \/>\n    <span class=\"wpcf7-form-control-wrap\" data-name=\"data-inicio\"><input type=\"text\" name=\"data-inicio\" value=\"\" size=\"40\" class=\"wpcf7-form-control wpcf7-text\" aria-invalid=\"false\" \/><\/span> <\/label><\/p>\n<p><label> Dura\u00e7\u00e3o<br \/>\n    <span class=\"wpcf7-form-control-wrap\" data-name=\"duracao\"><select name=\"duracao\" class=\"wpcf7-form-control wpcf7-select\" aria-invalid=\"false\"><option value=\"\">---<\/option><option value=\"15 dias\">15 dias<\/option><option value=\"30 dias\">30 dias<\/option><option value=\"60 dias\">60 dias<\/option><option value=\"90 dias\">90 dias<\/option><option value=\"120 dias\">120 dias<\/option><option value=\"180 dias\">180 dias<\/option><option value=\"360 dias\">360 dias<\/option><\/select><\/span><\/label><\/p>\n<p><label> Investimento mensal<br \/>\n     <span class=\"wpcf7-form-control-wrap\" data-name=\"investimento\"><select name=\"investimento\" class=\"wpcf7-form-control wpcf7-select\" aria-invalid=\"false\"><option value=\"\">---<\/option><option value=\"at\u00e9 6.000\">at\u00e9 6.000<\/option><option value=\"at\u00e9 10.000\">at\u00e9 10.000<\/option><option value=\"at\u00e9 15.000\">at\u00e9 15.000<\/option><option value=\"acima de 15.000\">acima de 15.000<\/option><\/select><\/span> <\/label><\/p>\n<p><label>Objetivos da Comunica\u00e7\u00e3o<br \/>\n    <span class=\"wpcf7-form-control-wrap\" data-name=\"objetivos\"><textarea name=\"objetivos\" cols=\"40\" rows=\"10\" class=\"wpcf7-form-control wpcf7-textarea\" aria-invalid=\"false\"><\/textarea><\/span> <\/label><\/p>\n<p><label> Classe Social <\/label><br \/>\n     <span class=\"wpcf7-form-control-wrap\" data-name=\"classesocial\"><span class=\"wpcf7-form-control wpcf7-checkbox\"><span class=\"wpcf7-list-item first\"><input type=\"checkbox\" name=\"classesocial[]\" value=\"A\" \/><span class=\"wpcf7-list-item-label\">A<\/span><\/span><span class=\"wpcf7-list-item\"><input type=\"checkbox\" name=\"classesocial[]\" value=\"B\" \/><span class=\"wpcf7-list-item-label\">B<\/span><\/span><span class=\"wpcf7-list-item\"><input type=\"checkbox\" name=\"classesocial[]\" value=\"C\" \/><span class=\"wpcf7-list-item-label\">C<\/span><\/span><span class=\"wpcf7-list-item\"><input type=\"checkbox\" name=\"classesocial[]\" value=\"D\" \/><span class=\"wpcf7-list-item-label\">D<\/span><\/span><span class=\"wpcf7-list-item last\"><input type=\"checkbox\" name=\"classesocial[]\" value=\"E\" \/><span class=\"wpcf7-list-item-label\">E<\/span><\/span><\/span><\/span><\/p>\n<p><label> Faixa Et\u00e1ria<br \/>\n    <span class=\"wpcf7-form-control-wrap\" data-name=\"faixa-etaria\"><input type=\"text\" name=\"faixa-etaria\" value=\"\" size=\"40\" class=\"wpcf7-form-control wpcf7-text\" aria-invalid=\"false\" \/><\/span> <\/label><\/p>\n<p><label> Sexo <\/label><br \/>\n    <span class=\"wpcf7-form-control-wrap\" data-name=\"sexo\"><span class=\"wpcf7-form-control wpcf7-checkbox\"><span class=\"wpcf7-list-item first\"><input type=\"checkbox\" name=\"sexo[]\" value=\"Masculino\" \/><span class=\"wpcf7-list-item-label\">Masculino<\/span><\/span><span class=\"wpcf7-list-item last\"><input type=\"checkbox\" name=\"sexo[]\" value=\"Feminino\" \/><span class=\"wpcf7-list-item-label\">Feminino<\/span><\/span><\/span><\/span> <\/p>\n<p><label>Endere\u00e7os de Pontos de Venda<br \/>\n    <span class=\"wpcf7-form-control-wrap\" data-name=\"pontosvenda\"><textarea name=\"pontosvenda\" cols=\"40\" rows=\"10\" class=\"wpcf7-form-control wpcf7-textarea\" aria-invalid=\"false\"><\/textarea><\/span> <\/label><\/p>\n<p><label>Proximidades de Interesse <\/label><br \/>\n     <span class=\"wpcf7-form-control-wrap\" data-name=\"proximidades\"><span class=\"wpcf7-form-control wpcf7-checkbox\"><span class=\"wpcf7-list-item first\"><input type=\"checkbox\" name=\"proximidades[]\" value=\"Academias\" \/><span class=\"wpcf7-list-item-label\">Academias<\/span><\/span><span class=\"wpcf7-list-item\"><input type=\"checkbox\" name=\"proximidades[]\" value=\"Aeroporto\" \/><span class=\"wpcf7-list-item-label\">Aeroporto<\/span><\/span><span class=\"wpcf7-list-item\"><input type=\"checkbox\" name=\"proximidades[]\" value=\"Bancos\" \/><span class=\"wpcf7-list-item-label\">Bancos<\/span><\/span><span class=\"wpcf7-list-item\"><input type=\"checkbox\" name=\"proximidades[]\" value=\"Bares\" \/><span class=\"wpcf7-list-item-label\">Bares<\/span><\/span><span class=\"wpcf7-list-item\"><input type=\"checkbox\" name=\"proximidades[]\" value=\"Concession\u00e1rias\" \/><span class=\"wpcf7-list-item-label\">Concession\u00e1rias<\/span><\/span><span class=\"wpcf7-list-item\"><input type=\"checkbox\" name=\"proximidades[]\" value=\"Escolas\" \/><span class=\"wpcf7-list-item-label\">Escolas<\/span><\/span><span class=\"wpcf7-list-item\"><input type=\"checkbox\" name=\"proximidades[]\" value=\"Hot\u00e9is\" \/><span class=\"wpcf7-list-item-label\">Hot\u00e9is<\/span><\/span><span class=\"wpcf7-list-item\"><input type=\"checkbox\" name=\"proximidades[]\" value=\"Shoppings\" \/><span class=\"wpcf7-list-item-label\">Shoppings<\/span><\/span><span class=\"wpcf7-list-item\"><input type=\"checkbox\" name=\"proximidades[]\" value=\"PDV\" \/><span class=\"wpcf7-list-item-label\">PDV<\/span><\/span><span class=\"wpcf7-list-item\"><input type=\"checkbox\" name=\"proximidades[]\" value=\"Supermercados\" \/><span class=\"wpcf7-list-item-label\">Supermercados<\/span><\/span><span class=\"wpcf7-list-item\"><input type=\"checkbox\" name=\"proximidades[]\" value=\"Universidades\" \/><span class=\"wpcf7-list-item-label\">Universidades<\/span><\/span><span class=\"wpcf7-list-item\"><input type=\"checkbox\" name=\"proximidades[]\" value=\"Farm\u00e1cias\" \/><span class=\"wpcf7-list-item-label\">Farm\u00e1cias<\/span><\/span><span class=\"wpcf7-list-item\"><input type=\"checkbox\" name=\"proximidades[]\" value=\"Concorrentes\" \/><span class=\"wpcf7-list-item-label\">Concorrentes<\/span><\/span><span class=\"wpcf7-list-item\"><input type=\"checkbox\" name=\"proximidades[]\" value=\"Casas Noturnas\" \/><span class=\"wpcf7-list-item-label\">Casas Noturnas<\/span><\/span><span class=\"wpcf7-list-item\"><input type=\"checkbox\" name=\"proximidades[]\" value=\"Restaurantes\" \/><span class=\"wpcf7-list-item-label\">Restaurantes<\/span><\/span><span class=\"wpcf7-list-item\"><input type=\"checkbox\" name=\"proximidades[]\" value=\"Sul da Ilha\" \/><span class=\"wpcf7-list-item-label\">Sul da Ilha<\/span><\/span><span class=\"wpcf7-list-item\"><input type=\"checkbox\" name=\"proximidades[]\" value=\"Norte da Ilha\" \/><span class=\"wpcf7-list-item-label\">Norte da Ilha<\/span><\/span><span class=\"wpcf7-list-item\"><input type=\"checkbox\" name=\"proximidades[]\" value=\"Leste da Ilha\" \/><span class=\"wpcf7-list-item-label\">Leste da Ilha<\/span><\/span><span class=\"wpcf7-list-item\"><input type=\"checkbox\" name=\"proximidades[]\" value=\"Continente\" \/><span class=\"wpcf7-list-item-label\">Continente<\/span><\/span><span class=\"wpcf7-list-item last\"><input type=\"checkbox\" name=\"proximidades[]\" value=\"Ilha\" \/><span class=\"wpcf7-list-item-label\">Ilha<\/span><\/span><\/span><\/span><\/p>\n<p><label>Observa\u00e7\u00f5es<br \/>\n    <span class=\"wpcf7-form-control-wrap\" data-name=\"observacoes\"><textarea name=\"observacoes\" cols=\"40\" rows=\"10\" class=\"wpcf7-form-control wpcf7-textarea\" aria-invalid=\"false\"><\/textarea><\/span> <\/label><\/p>\n<p><label>Como voc\u00ea conheceu nosso trabalho? <\/label><br \/>\n    <span class=\"wpcf7-form-control-wrap\" data-name=\"conheceutrabalho\"><span class=\"wpcf7-form-control wpcf7-checkbox\"><span class=\"wpcf7-list-item first\"><input type=\"checkbox\" name=\"conheceutrabalho[]\" value=\"Internet\" \/><span class=\"wpcf7-list-item-label\">Internet<\/span><\/span><span class=\"wpcf7-list-item\"><input type=\"checkbox\" name=\"conheceutrabalho[]\" value=\"Vendo nossos pain\u00e9is\" \/><span class=\"wpcf7-list-item-label\">Vendo nossos pain\u00e9is<\/span><\/span><span class=\"wpcf7-list-item\"><input type=\"checkbox\" name=\"conheceutrabalho[]\" value=\"M\u00eddia especializada\" \/><span class=\"wpcf7-list-item-label\">M\u00eddia especializada<\/span><\/span><span class=\"wpcf7-list-item last\"><input type=\"checkbox\" name=\"conheceutrabalho[]\" value=\"Indica\u00e7\u00e3o\" \/><span class=\"wpcf7-list-item-label\">Indica\u00e7\u00e3o<\/span><\/span><\/span><\/span><\/p>\n<p><label>Outra maneira<br \/>\n    <span class=\"wpcf7-form-control-wrap\" data-name=\"outramaneira\"><textarea name=\"outramaneira\" cols=\"40\" rows=\"10\" class=\"wpcf7-form-control wpcf7-textarea\" aria-invalid=\"false\"><\/textarea><\/span> <\/label><\/p>\n<p>*Campos obrigat\u00f3rios<br \/>\n<input type=\"submit\" value=\"Enviar\" class=\"wpcf7-form-control has-spinner wpcf7-submit\" \/><\/p>\n<div class=\"wpcf7-response-output\" aria-hidden=\"true\"><\/div><\/form><\/div>[\/vc_column][vc_column][\/vc_column][vc_column][\/vc_column][vc_column][\/vc_column][vc_column][\/vc_column][\/vc_row]<\/p>\n","protected":false},"excerpt":{"rendered":"<p>[vc_row][vc_column][\/vc_column][vc_column width=&#8221;5\/12&#8243; offset=&#8221;vc_col-md-3&#8243;][vc_column_text] Informa\u00e7\u00f5es para contato Para fazer contato com a MIDIAMIX.COM, voc\u00ea pode utilizar um dos meios abaixo. [\/vc_column_text][vc_widget_sidebar sidebar_id=&#8221;infocontactus&#8221;][\/vc_column][vc_column width=&#8221;7\/12&#8243; offset=&#8221;vc_col-md-9&#8243;][vc_column_text] ENVIE SUA MENSAGEM [\/vc_column_text][\/vc_column][vc_column][\/vc_column][vc_column][\/vc_column][vc_column][\/vc_column][vc_column][\/vc_column][\/vc_row]<\/p>\n","protected":false},"author":2,"featured_media":0,"parent":0,"menu_order":6,"comment_status":"closed","ping_status":"closed","template":"","meta":[],"yoast_head":"<!-- This site is optimized with the Yoast SEO plugin v19.3 - https:\/\/yoast.com\/wordpress\/plugins\/seo\/ -->\n<title>Anuncie - MIDIAMIX.COM<\/title>\n<meta name=\"description\" content=\"A MIDIAMIX.COM fica na Rua dos Ilh\u00e9us, n\u00ba 46, 4\u00ba andar - Florian\u00f3polis\/SC. 88010-560. Telefone 48 3028-7373 Whatsapp 48 984042065.\" \/>\n<meta name=\"robots\" content=\"noindex, nofollow\" \/>\n<meta property=\"og:locale\" content=\"pt_BR\" \/>\n<meta property=\"og:type\" content=\"article\" \/>\n<meta property=\"og:title\" content=\"Anuncie - MIDIAMIX.COM\" \/>\n<meta property=\"og:description\" content=\"A MIDIAMIX.COM fica na Rua dos Ilh\u00e9us, n\u00ba 46, 4\u00ba andar - Florian\u00f3polis\/SC. 88010-560. Telefone 48 3028-7373 Whatsapp 48 984042065.\" \/>\n<meta property=\"og:url\" content=\"https:\/\/midiamix.com\/site\/anuncie\/\" \/>\n<meta property=\"og:site_name\" content=\"MIDIAMIX.COM\" \/>\n<meta property=\"article:publisher\" content=\"https:\/\/www.facebook.com\/MIDIAMIXPAINEIS\/\" \/>\n<meta property=\"article:modified_time\" content=\"2022-08-26T17:59:08+00:00\" \/>\n<meta name=\"twitter:card\" content=\"summary_large_image\" \/>\n<meta name=\"twitter:label1\" content=\"Est. tempo de leitura\" \/>\n\t<meta name=\"twitter:data1\" content=\"1 minuto\" \/>\n<script type=\"application\/ld+json\" class=\"yoast-schema-graph\">{\"@context\":\"https:\/\/schema.org\",\"@graph\":[{\"@type\":\"WebSite\",\"@id\":\"https:\/\/midiamix.com\/site\/#website\",\"url\":\"https:\/\/midiamix.com\/site\/\",\"name\":\"MIDIAMIX.COM\",\"description\":\"MIDIAMIX.COM \u00e9 uma empresa especializada em m\u00eddia exterior.\",\"potentialAction\":[{\"@type\":\"SearchAction\",\"target\":{\"@type\":\"EntryPoint\",\"urlTemplate\":\"https:\/\/midiamix.com\/site\/?s={search_term_string}\"},\"query-input\":\"required name=search_term_string\"}],\"inLanguage\":\"pt-BR\"},{\"@type\":\"WebPage\",\"@id\":\"https:\/\/midiamix.com\/site\/anuncie\/\",\"url\":\"https:\/\/midiamix.com\/site\/anuncie\/\",\"name\":\"Anuncie - MIDIAMIX.COM\",\"isPartOf\":{\"@id\":\"https:\/\/midiamix.com\/site\/#website\"},\"datePublished\":\"2020-06-22T00:25:46+00:00\",\"dateModified\":\"2022-08-26T17:59:08+00:00\",\"description\":\"A MIDIAMIX.COM fica na Rua dos Ilh\u00e9us, n\u00ba 46, 4\u00ba andar - Florian\u00f3polis\/SC. 88010-560. Telefone 48 3028-7373 Whatsapp 48 984042065.\",\"breadcrumb\":{\"@id\":\"https:\/\/midiamix.com\/site\/anuncie\/#breadcrumb\"},\"inLanguage\":\"pt-BR\",\"potentialAction\":[{\"@type\":\"ReadAction\",\"target\":[\"https:\/\/midiamix.com\/site\/anuncie\/\"]}]},{\"@type\":\"BreadcrumbList\",\"@id\":\"https:\/\/midiamix.com\/site\/anuncie\/#breadcrumb\",\"itemListElement\":[{\"@type\":\"ListItem\",\"position\":1,\"name\":\"In\u00edcio\",\"item\":\"https:\/\/midiamix.com\/site\/\"},{\"@type\":\"ListItem\",\"position\":2,\"name\":\"Anuncie\"}]}]}<\/script>\n<!-- \/ Yoast SEO plugin. -->","yoast_head_json":{"title":"Anuncie - MIDIAMIX.COM","description":"A MIDIAMIX.COM fica na Rua dos Ilh\u00e9us, n\u00ba 46, 4\u00ba andar - Florian\u00f3polis\/SC. 88010-560. Telefone 48 3028-7373 Whatsapp 48 984042065.","robots":{"index":"noindex","follow":"nofollow"},"og_locale":"pt_BR","og_type":"article","og_title":"Anuncie - MIDIAMIX.COM","og_description":"A MIDIAMIX.COM fica na Rua dos Ilh\u00e9us, n\u00ba 46, 4\u00ba andar - Florian\u00f3polis\/SC. 88010-560. Telefone 48 3028-7373 Whatsapp 48 984042065.","og_url":"https:\/\/midiamix.com\/site\/anuncie\/","og_site_name":"MIDIAMIX.COM","article_publisher":"https:\/\/www.facebook.com\/MIDIAMIXPAINEIS\/","article_modified_time":"2022-08-26T17:59:08+00:00","twitter_card":"summary_large_image","twitter_misc":{"Est. tempo de leitura":"1 minuto"},"schema":{"@context":"https:\/\/schema.org","@graph":[{"@type":"WebSite","@id":"https:\/\/midiamix.com\/site\/#website","url":"https:\/\/midiamix.com\/site\/","name":"MIDIAMIX.COM","description":"MIDIAMIX.COM \u00e9 uma empresa especializada em m\u00eddia exterior.","potentialAction":[{"@type":"SearchAction","target":{"@type":"EntryPoint","urlTemplate":"https:\/\/midiamix.com\/site\/?s={search_term_string}"},"query-input":"required name=search_term_string"}],"inLanguage":"pt-BR"},{"@type":"WebPage","@id":"https:\/\/midiamix.com\/site\/anuncie\/","url":"https:\/\/midiamix.com\/site\/anuncie\/","name":"Anuncie - MIDIAMIX.COM","isPartOf":{"@id":"https:\/\/midiamix.com\/site\/#website"},"datePublished":"2020-06-22T00:25:46+00:00","dateModified":"2022-08-26T17:59:08+00:00","description":"A MIDIAMIX.COM fica na Rua dos Ilh\u00e9us, n\u00ba 46, 4\u00ba andar - Florian\u00f3polis\/SC. 88010-560. Telefone 48 3028-7373 Whatsapp 48 984042065.","breadcrumb":{"@id":"https:\/\/midiamix.com\/site\/anuncie\/#breadcrumb"},"inLanguage":"pt-BR","potentialAction":[{"@type":"ReadAction","target":["https:\/\/midiamix.com\/site\/anuncie\/"]}]},{"@type":"BreadcrumbList","@id":"https:\/\/midiamix.com\/site\/anuncie\/#breadcrumb","itemListElement":[{"@type":"ListItem","position":1,"name":"In\u00edcio","item":"https:\/\/midiamix.com\/site\/"},{"@type":"ListItem","position":2,"name":"Anuncie"}]}]}},"_links":{"self":[{"href":"https:\/\/midiamix.com\/site\/wp-json\/wp\/v2\/pages\/2636"}],"collection":[{"href":"https:\/\/midiamix.com\/site\/wp-json\/wp\/v2\/pages"}],"about":[{"href":"https:\/\/midiamix.com\/site\/wp-json\/wp\/v2\/types\/page"}],"author":[{"embeddable":true,"href":"https:\/\/midiamix.com\/site\/wp-json\/wp\/v2\/users\/2"}],"replies":[{"embeddable":true,"href":"https:\/\/midiamix.com\/site\/wp-json\/wp\/v2\/comments?post=2636"}],"version-history":[{"count":7,"href":"https:\/\/midiamix.com\/site\/wp-json\/wp\/v2\/pages\/2636\/revisions"}],"predecessor-version":[{"id":2801,"href":"https:\/\/midiamix.com\/site\/wp-json\/wp\/v2\/pages\/2636\/revisions\/2801"}],"wp:attachment":[{"href":"https:\/\/midiamix.com\/site\/wp-json\/wp\/v2\/media?parent=2636"}],"curies":[{"name":"wp","href":"https:\/\/api.w.org\/{rel}","templated":true}]}}